{"id":81,"date":"2021-09-30T10:24:49","date_gmt":"2021-09-30T07:24:49","guid":{"rendered":"https:\/\/suuretsetelit.net\/wordpress\/?page_id=81"},"modified":"2021-10-01T21:22:25","modified_gmt":"2021-10-01T18:22:25","slug":"tuotanto","status":"publish","type":"page","link":"https:\/\/suuretsetelit.net\/?page_id=81","title":{"rendered":"Tuotanto"},"content":{"rendered":"\n<figure class=\"wp-block-gallery columns-2 is-cropped wp-block-gallery-1 is-layout-flex wp-block-gallery-is-layout-flex\"><ul class=\"blocks-gallery-grid\"><li class=\"blocks-gallery-item\"><figure><img loading=\"lazy\" decoding=\"async\" width=\"300\" height=\"276\" src=\"https:\/\/suuretsetelit.net\/wp-content\/uploads\/2021\/09\/jeeskansi.jpg\" alt=\"\" data-id=\"82\" data-full-url=\"https:\/\/suuretsetelit.net\/wordpress\/wp-content\/uploads\/2021\/09\/jeeskansi.jpg\" data-link=\"https:\/\/suuretsetelit.net\/wordpress\/?attachment_id=82\" class=\"wp-image-82\"\/><figcaption class=\"blocks-gallery-item__caption\">Rautalankaa JEES #3<br>$etelit mukana kappaleella &#8217;Algeciras&#8217; <br>(feat. Juho Hurskainen, saksofoni)<\/figcaption><\/figure><\/li><li class=\"blocks-gallery-item\"><figure><img loading=\"lazy\" decoding=\"async\" width=\"300\" height=\"300\" src=\"https:\/\/suuretsetelit.net\/wp-content\/uploads\/2021\/09\/levynkansi-2004.jpg\" alt=\"\" data-id=\"83\" data-full-url=\"https:\/\/suuretsetelit.net\/wordpress\/wp-content\/uploads\/2021\/09\/levynkansi-2004.jpg\" data-link=\"https:\/\/suuretsetelit.net\/wordpress\/?attachment_id=83\" class=\"wp-image-83\" srcset=\"https:\/\/suuretsetelit.net\/wp-content\/uploads\/2021\/09\/levynkansi-2004.jpg 300w, https:\/\/suuretsetelit.net\/wp-content\/uploads\/2021\/09\/levynkansi-2004-150x150.jpg 150w, https:\/\/suuretsetelit.net\/wp-content\/uploads\/2021\/09\/levynkansi-2004-50x50.jpg 50w\" sizes=\"auto, (max-width: 300px) 100vw, 300px\" \/><figcaption class=\"blocks-gallery-item__caption\">&#8217;Sill\u00e4 Silm\u00e4ll\u00e4&#8217; (2004)<\/figcaption><\/figure><\/li><\/ul><\/figure>\n\n\n\n<p>$uuret $etelit on tehnyt yhden pitk\u00e4soiton, &#8217;Sill\u00e4 Silm\u00e4ll\u00e4&#8217;  joka julkaistiin 2004. Levy on loppuunmyyty, mutta tallenne on kuunneltavissa mm. Youtubessa:<br><br><iframe loading=\"lazy\" title=\"$uuret $etelit - Sill\u00e4 Silm\u00e4ll\u00e4 (2004 \/ SSCD0104)\" width=\"640\" height=\"360\" src=\"https:\/\/www.youtube.com\/embed\/videoseries?list=PL6k93oLVeSHoJ_SQviKRq1zgwvjbmQuuj\" frameborder=\"0\" allow=\"accelerometer; autoplay; clipboard-write; encrypted-media; gyroscope; picture-in-picture; web-share\" referrerpolicy=\"strict-origin-when-cross-origin\" allowfullscreen><\/iframe><\/p>\n\n\n\n<p>Seuraavan levyn nauhoitukset aloitettiin jo 2010 lokakuussa, ja toistaiseksi sessioista on julkaistu yksi kappale, &#8217;Algeciras&#8217;-instrumentaali, levyll\u00e4 Rautalankaa JEES #3. Kappaleella vierailee saksofonissa Juho Hurskainen. Uuden levyn miksaus ja viimeistely on edennyt verkkaisesti, mutta tavoitteena on toki saada levy julkaistua&#8230;<\/p>\n","protected":false},"excerpt":{"rendered":"<p>$uuret $etelit on tehnyt yhden pitk\u00e4soiton, &#8217;Sill\u00e4 Silm\u00e4ll\u00e4&#8217; joka julkaistiin 2004. Levy on loppuunmyyty, mutta tallenne on kuunneltavissa mm. Youtubessa: Seuraavan levyn nauhoitukset aloitettiin jo [&hellip;]<\/p>\n","protected":false},"author":2,"featured_media":89,"parent":0,"menu_order":0,"comment_status":"closed","ping_status":"closed","template":"","meta":{"footnotes":""},"class_list":["post-81","page","type-page","status-publish","has-post-thumbnail","hentry"],"_links":{"self":[{"href":"https:\/\/suuretsetelit.net\/index.php?rest_route=\/wp\/v2\/pages\/81","targetHints":{"allow":["GET"]}}],"collection":[{"href":"https:\/\/suuretsetelit.net\/index.php?rest_route=\/wp\/v2\/pages"}],"about":[{"href":"https:\/\/suuretsetelit.net\/index.php?rest_route=\/wp\/v2\/types\/page"}],"author":[{"embeddable":true,"href":"https:\/\/suuretsetelit.net\/index.php?rest_route=\/wp\/v2\/users\/2"}],"replies":[{"embeddable":true,"href":"https:\/\/suuretsetelit.net\/index.php?rest_route=%2Fwp%2Fv2%2Fcomments&post=81"}],"version-history":[{"count":4,"href":"https:\/\/suuretsetelit.net\/index.php?rest_route=\/wp\/v2\/pages\/81\/revisions"}],"predecessor-version":[{"id":109,"href":"https:\/\/suuretsetelit.net\/index.php?rest_route=\/wp\/v2\/pages\/81\/revisions\/109"}],"wp:featuredmedia":[{"embeddable":true,"href":"https:\/\/suuretsetelit.net\/index.php?rest_route=\/wp\/v2\/media\/89"}],"wp:attachment":[{"href":"https:\/\/suuretsetelit.net\/index.php?rest_route=%2Fwp%2Fv2%2Fmedia&parent=81"}],"curies":[{"name":"wp","href":"https:\/\/api.w.org\/{rel}","templated":true}]}}