{"id":29,"date":"2021-09-20T23:20:47","date_gmt":"2021-09-20T20:20:47","guid":{"rendered":"https:\/\/suuretsetelit.net\/wordpress\/?page_id=29"},"modified":"2026-04-15T14:21:10","modified_gmt":"2026-04-15T11:21:10","slug":"keikat","status":"publish","type":"page","link":"https:\/\/suuretsetelit.net\/?page_id=29","title":{"rendered":"Keikat"},"content":{"rendered":"\n<p>11.07.2026 Olkkolan Hovi (Savitaipale)<br>24.07.2026 Satamatori (Lappeenranta)<br>26.09.2026 Valta NightClub (Lappeenranta)<\/p>\n\n\n\n<p><strong>Menneet keikat<\/strong><br><br>07.03.2026 <a href=\"https:\/\/www.facebook.com\/valtalappeenranta\/?locale=fi_FI\">Valta NightClub<\/a> (Lappeenranta)<br>03.01.2026 Yksityistilaisuus (Lappeenranta)<br>29.11.2025 Yksityistilaisuus (Sahalahti)<br>28.11.2025 Yksityistilaisuus (<a href=\"http:\/\/www.karhupirtit.fi\">Taipalsaaren Karhupirtit<\/a>)<br>23.08.2025 Yksityistilaisuus (Orivesi)<br>16.08.2025 Yksityistil. (Luum\u00e4ki)<br>02.08.2025 Yksityistilaisuus, Rakuunam\u00e4en Juhlatila (Lappeenranta)<br>05.07.2025 Yksityistil. (<a href=\"http:\/\/www.karhupirtit.fi\" target=\"_blank\" rel=\"noreferrer noopener\">Taipalsaaren Karhupirtit<\/a>)<br>04.07.2025 Satamatori (Lappeenranta)<br>28.06.2025 Yksityistil. (<a href=\"http:\/\/www.karhupirtit.fi\">Taipalsaaren Karhupirtit<\/a>) <br>27.06.2025 M\/S Camilla, $uuret $etelit 30v Juhlaristeily (Lappeenranta)<br>13.06.2025 Pontus Pauhaa-festarit (Jussin Tupa, Lappeenranta)<br>31.12.2024 Yksityistil. (Lappeenranta)<br>30.11.2024 Jussin Tupa (Lappeenranta)<br>30.08.2024 Yksityistil. (Lappeenranta)<br>27.07.2024 Suikkalan Lava (Ruokolahti)<br>21.07.2024 Satamatori (Lappeenranta)<br>15.06.2024 Jussin Tupa (Lappeenranta)<br>17.05.2024 Ravintola Totem (Lappeenranta)<br>31.12.2023 <a href=\"https:\/\/ravintolakasinolpr.fi\/\" data-type=\"link\" data-id=\"https:\/\/ravintolakasinolpr.fi\/\" target=\"_blank\" rel=\"noreferrer noopener\">Kasino<\/a> (Lappeenranta)<br>01.12.2023 <a href=\"https:\/\/jussintupa.fi\/\" data-type=\"link\" data-id=\"https:\/\/jussintupa.fi\/\" target=\"_blank\" rel=\"noreferrer noopener\">Jussin Tupa <\/a>(Lappeenranta)<br>06.10.2023 Scandic Patria, Roosa Nauha-jamit (Lappeenranta)<br>22.07.2023 Satamatori (Lappeenranta)<br>16.06.2023 Jussin Tupa (Lappeenranta)<br>10.06.2023 Ravintola Saimaanranta (Taipalsaari)<br>31.12.2022 Rav. Lamppu (Lappeenranta)<br>03.12.2022 Scandic Patria yksityistil. (Lappeenranta)<br>02.12.2022 Scandic Patria (Lappeenranta)<br>26.11.2022 Hotelli Lappee (Lappeenranta)<br>08.10.2022 Scandic Patria (Lappeenranta, Roosa Nauha-jamit)<br>10.09.2022 Pub Vahti (Imatra)<br>13.08.2022 Marian Aukio (Lappeenranta *huom* showtime 16:00)<br>23.07.2022 yksityisti. (Pilkanmaa)<br>07.05.2022 Hotelli Lappee (Lappeenranta)<br>09.04.2022 Yksityistil. (Taipalsaari, <a href=\"http:\/\/www.karhupirtit.fi\" target=\"_blank\" rel=\"noreferrer noopener\">Karhupirtit<\/a>)<br>05.03.2022 Yksityistil. (Lappeenranta)<br>26.11.2021 Hotelli Lappee (Lappeenranta) <br>20.11.2021 Hotelli Salpa (Luum\u00e4ki)<br>19.11.2021 Rav. Lamppu (Lappeenranta)<br>02.10.2021 yksityistil. (Lappeenranta) <br>12.09.2021 Satamatori (Lappeenranta)<br>11.09.2021 Satamatori (Lappeenranta)<br>03.09.2021 Marian aukio w\/Jam Rock Band (Lappeenranta)<br>30.06.2021 Kasinoterassi (Lappeenranta)<br>13.09.2020 Satamatori (Lappeenranta)<br>12.09.2020 Satamatori (Lappeenranta)<br>30.08.2020 Satamatori (Lappeenranta)<br>28.08.2020 yksityistil. (Taipalsaari)<br>14.08.2020 Rav. Lamppu (Lappeenranta)<br>01.07.2020 Kasinoterassi (Lappeenranta)<br>15.02.2020 V\u00e4in\u00f6l\u00e4, yksityistil. (Taipalsaari)<br>16.11.2019 yksityistil. (Lappeenranta)<br>11.10.2019 Rav. Lamppu (Lappeenranta)<br>15.09.2019 Satamatori (Lappeenranta)<br>14.09.2019 Satamatori (Lappeenranta)<br>20.07.2019 Yksityistil. (Lappeenranta)<br>13.07.2019 Yksityistil. (Lappeenranta)<br>10.05.2019 M\/S Camilla, yksityistil. (Lappeenranta)<br>04.05.2019 Heituinlahden NS-talo (Savitaipale)<br>12.01.2019 Hotelli Salpa (Luum\u00e4ki)<br>28.12.2018 Rav. Lamppu (Lappeenranta)<br>05.12.2018 Yksityistil. (Lappeenranta)<br>15.09.2018 Kalamarkkinat (Lappeenranta)<br>16.09.2018 Kalamarkkinat (Lappeenranta)<br>18.08.2018 Yksityistil. (Jalkosalmen lava, Lemi)<br>08.06.2018 Kolme Lyhty\u00e4 (Lappeenranta)<br>19.05.2018 Yksityistil. (Lappeenranta)<br>10.03.2018 yksityistil. (Luum\u00e4ki)<br>13.01.2018 Kolme Lyhty\u00e4 w\/Maria Tyyster (Lappeenranta)<br>17.09.2017 Kalamarkkinat, Satamatori (Lappeenranta)<br>16.09.2017 Kalamarkkinat, Satamatori (Lappeenranta)<br>19.08.2017 Yksityistilaisuus (Taipalsaari)<br>17.06.2017 Yksityistil. (Lappeenranta)<br>20.05.2017 Yksityistil. (Lappeenranta)<br>29.04.2017 Urheilutalo w\/ &amp;Pety (Heituinlahti)<br>15.04.2017 Rautalankalauantai (\u00c4ij\u00e4l\u00e4)<br>24.03.2017 Kolme Lyhty\u00e4 (Lappeenranta)<br>18.02.2017 Ravintola Wirta (Virojoki)<br>26.11.2016 Kuja-Kolli (Koria)<br>04.11.2016 Kolme Lyhty\u00e4 (Lappeenranta)<br>18.09.2016 Satamatori (Lapppeenranta)<br>17.09.2016 Satamatori (Lappeenranta)<br>16.07.2016 Yksityistil. (Lappeenranta)<br>09.07.2016 varattu<br>20.05.2016 Kolme Lyhty\u00e4 (Lappeenranta)<br>04.12.2015 Kolme Lyhty\u00e4 (Lappeenranta)<br>27.11.2015 Kippari Krouvi (Lappeenranta)<br>21.11.2015 Penny Night (Joutseno)<br>24.10.2015 Fifth Avenue (H\u00e4meenlinna)<br>13.09.2015 Satamatori, Lappeenranta<br>12.09.2015 Satamatori, Lappeenranta<br>18.07.2015 Iiti\u00e4n Lava w\/ Maria Tyyster (Lappeenranta)<br>04.07.2015 Yksityistil. (Lappeenranta)<br>19.06.2015 Linnoituksen juhannusjuhla (Kehruuhuone, Lappeenranta)<br>17.06.2015 Kasinoterassi (Lappeenranta)<br>13.06.2015 Yksityistil. (Taipalsaari)<br>24.05.2015 Satamatori (Lappeenranta)<br>23.05.2015 Satamatori (Lappeenranta)<br>03.04.2015 Kolme Lyhty\u00e4 (Lappeenranta)<br>21.03.2015 Ravintola Jehu (Lemi)<br>20.03.2015 Ravintola Totem (Lappeenranta)<br>24.01.2015 Yksityistilaisuus (Kouvola)<br>29.11.2014 Penny Night (Joutseno)<br>28.11.2014 Yksityistil. (Upseerikerho, Lappeenranta)<br>17.10.2014 Ravintola Kippari (Lappeenranta)<br>06.09.2014 Yksityistil. (Upseerikerho, Lappeenranta)<br>30.08.2014 Yksityistil. (Mikkeli)<br>23.07.2014 Kasinoterassi semi-acoustic (Lappeenranta)<br>19.07.2014 Yksityistil. (Suikkalan lava, Ruokolahti)<br>14.06.2014 Yksityistil. (Kasino, Lappeenranta)<br>03.05.2014 Yksityistil. (Kasino, Lappeenranta)<br>19.04.2014 Rautalankalauantai (Sahrami, Savitaipale)<br>07.02.2014 Tube Park 2014 (Waltikka, Valkeakoski)<br>18.01.2014 Kippari Krouvi Lpr (Sami\/Kime\/Heikki-akustinen trio-keikka)<br>14.12.2013 Yksityistil. (Kasino, Lappeenranta)<br>01.11.2013 Kolme Lyhty\u00e4 (Lappeenranta)<br>15.09.2013 Satamatori (Lappeenranta)<br>14.09.2013 Satamatori (Lappeenranta)<br>03.08.2013 Yksityistil. Kasino (Lappeenranta)<br>13.07.2013 Yksityistil. (Hytti, Lappeenranta)<br>29.06.2013 Imatra Big Band Festival \/ Twang Fest (Imatra)<br>15.06.2013 Yksityistil. (Orimattila)<br>04.05.2013 Rautalankalauantai, \u00c4ij\u00e4l\u00e4n Seurantalo (Laukaa)<br>26.04.2013 Kolme Lyhty\u00e4 (Lappeenranta)<br>14.12.2012 Kolme Lyhty\u00e4 (Lappeenranta)<br>16.09.2012 Satamatori (Lappeenranta)<br>15.09.2012 Satamatori (Lappeenranta)<br>18.08.2012 yksityistil. (Lappeenranta)<br>28.07.2012 yksityistil. (Lappeenranta)<br>13.07.2012 Nutikan lava w\/ Kake Randelin<br>07.07.2012 Imatra BB Festival w\/ Jani &amp; Jetsetters ja Milana Misic (Imatra)<br>09.06.2012 yksityistil. (Lappeenranta)<br>28.04.2012&nbsp;<a href=\"http:\/\/www.saunalahti.fi\/~zammy\/$$-sivut\/%C3%A2%E2%82%AC%C2%9Dhttp:\/\/www.kolumbus.fi\/petteri.savolainen\/%C3%A2%E2%82%AC%C2%9D\">Rautalankalauantai!<\/a>&nbsp;(Laukaa)<br>21.04.2012 Holiday Club Saimaa Arena (Lappeenranta)<br>17.03.2012 yksityistil. (Hollola)<br>28.01.2012 Vammalan Seurahuone w\/<a href=\"http:\/\/www.saunalahti.fi\/~zammy\/$$-sivut\/%C3%A2%E2%82%AC%C2%9Dhttp:\/\/www.periferia.info%C3%A2%E2%82%AC%C2%9D\">Periferia<\/a>&nbsp;(Vammala)<br>05.12.2011 Rav. Kolme Lyhty\u00e4 (Lappeenranta)<br>30.09.2011 yksityistil. (Lappeenranta)<br>11.09.2011 Satamatori (Lappeenranta)<br>10.09.2011 Satamatori (Lappeenranta)<br>09.09.2011 Ravintola Kolme Lyhty\u00e4 (Lappeenranta)<br>30.07.2011 Yksityistil. (Verla, Jaala)<br>29.07.2011 Nutikan Lava w\/Jani &amp; Jetsetters (Yl\u00c3\u00a4maa)<br>02.07.2011 Imatra BB-Festival (Imatra)<br>18.06.2011 yksityistil. (Vantaa)<br>29.05.2011 Satamatori (Lappeenranta)<br>28.05.2011 Satamatori (Lappeenranta)<br>29.04.2011 Ravintola Kolme Lyhty\u00e4 (Lappeenranta)<br>01.10.2010 Ravintola Kolme Lyhty\u00e4 (Lappeenranta)<br>12.09.2010 Satamatori (Lappeenranta)<br>11.09.2010 Satamatori (Lappeenranta)<br>28.08.2010 Yksityistilaisuus (Taipalsaari)<br>07.08.2010&nbsp;<a href=\"http:\/\/www.saunalahti.fi\/~zammy\/$$-sivut\/%C3%A2%E2%82%AC%C2%9Dhttp:\/\/www.twangfest.fi%C3%A2%E2%82%AC%C2%9D\">Twang Fest #6<\/a>&nbsp;(Lappeenranta)<br>06.08.2010&nbsp;<a href=\"http:\/\/www.saunalahti.fi\/~zammy\/$$-sivut\/%C3%A2%E2%82%AC%C2%9Dhttp:\/\/www.twangfest.fi%C3%A2%E2%82%AC%C2%9D\">Twang Fest #6<\/a>&nbsp;(Lappeenranta)<br>03.07.2010&nbsp;<a href=\"http:\/\/www.saunalahti.fi\/~zammy\/$$-sivut\/%C3%A2%E2%82%AC%C2%9Dhttp:\/\/www.ibbf.fi%C3%A2%E2%82%AC%C2%9D\">Imatra Big Band Festival<\/a>&nbsp;(Imatra)<br>12.06.2010 Yksityistilaisuus (Lappeenranta)<br>11.06.2010 Yksityistilaisuus (Imatran Valtionhotelli)<br>28.05.2010 Kuopio Twangin&#8217; &amp; Rocking (Wanha Satama, Kuopio)<br>14.05.2010 Ravintola Sininen Laguuni (Lappeenranta)<br>12.05.2010 Yksityistilaisuus (Helsinki)<br>30.04.2010 Ravintola Kolme Lyhty\u00e4 (Lappeenranta)<br>29.01.2010 Ravintola Kolme Lyhty\u00e4 (Lappeenranta)<br>08.01.2010 Hotelli Lappee &#8211; Doris Night, 15v Juhlakeikka (Lappeenranta)<br>21.11.2009 K.O. Club (private) (Lappeenranta)<br>10.10.2009 Yyterin Twist (Pori)<br>12.09.2009 Satamatori (Lappeenranta)<br>13.09.2009 Satamatori (Lappeenranta)<br>15.08.2009 yksityistilaisuus (Taipalsaari)<br>01.08.2009&nbsp;<a href=\"http:\/\/www.saunalahti.fi\/~zammy\/$$-sivut\/%C3%A2%E2%82%AC%C2%9Dhttp:\/\/www.twangfest.fi%C3%A2%E2%82%AC%C2%9D\">Twang Fest 2009<\/a>&nbsp;(Lappeenranta)<br>31.07.2009&nbsp;<a href=\"http:\/\/www.saunalahti.fi\/~zammy\/$$-sivut\/%C3%A2%E2%82%AC%C2%9Dhttp:\/\/www.twangfest.fi%C3%A2%E2%82%AC%C2%9D\">Twang Fest 2009<\/a>&nbsp;(Lappeenranta)<br>29.07.2009 Ravintola Kolme Lyhty\u00e4 (Lappeenranta)<br>07.06.2009 Satamatori (Lappeenranta)<br>06.06.2009 yksityistilaisuus (Taipalsaari)<br>06.06.2009 Satamatori (Lappeenranta)<br>29.05.2009 Wanha Satama (Kuopio)<br>30.04.2009 Borderline Fellows ry Wappubileet! (Lappeenranta)<br>03.04.2009 Sokos Hotelli Tahkovuori (Tahkovuori)<br>06.03.2009 Ravintola Kolme Lyhty\u00e4 (Lappeenranta)<br>21.02.2009 Yksityistilaisuus (Lappeenranta)<br>14.02.2009 Yksityistilaisuus (Lappeenranta)<br>16.01.2009 Sokos Hotelli Tahkovuori (Tahkovuori)<br>03.01.2009 Old Cock (Lappeenranta)<br>29.11.2008 Ravintola Sahrami (Savitaipale)<br>03.10.2008 Rav. Sininen Laguuni (Lappeenranta)<br>14.09.2008 Satamatori (Lappeenranta)<br>13.09.2008 Satamatori (Lappeenranta)<br>22.08.2008 Ravintola Kolme Lyhty\u00e4 (Lappeenranta)<br>09.08.2008&nbsp;<a href=\"http:\/\/www.saunalahti.fi\/~zammy\/$$-sivut\/%C3%A2%E2%82%AC%C2%9Dhttp:\/\/www.twangfest.net%C3%A2%E2%82%AC%C2%9D\">Twang Fest 2008<\/a>&nbsp;(Lappeenranta, Linnoituksen Y\u00f6)<br>08.08.2008&nbsp;<a href=\"http:\/\/www.saunalahti.fi\/~zammy\/$$-sivut\/%C3%A2%E2%82%AC%C2%9Dhttp:\/\/www.twangfest.net%C3%A2%E2%82%AC%C2%9D\">Twang Fest 2008<\/a>&nbsp;(Lappeenranta, Linnoituksen Y\u00f6)<br>26.07.2008 Yksityistilaisuus (Taipalsaari)<br>12.07.2008&nbsp;<a href=\"http:\/\/www.saunalahti.fi\/~zammy\/$$-sivut\/%C3%A2%E2%82%AC%C2%9Dhttp:\/\/www.raittinen.fi%C3%A2%E2%82%AC%C2%9D\">Rav. Raittinen<\/a>&nbsp;(Lappeenranta)<br>28.06.2008 Yksityistilaisuus (Taipalsaari)<br>14.06.2008 Yksityistilaisuus (Lappeenranta)<br>24.05.2008 Yksityistilaisuus (Nurmij\u00e4rvi)<br>17.05.2008 Yksityistilaisuus (Lappeenranta)<br>03.05.2008 Ravintola Sininen Laguuni (Lappeenranta)<br>05.04.2008 Yksityistilaisuus (w\/Jam Rock Band, Mikkeli)<br>23.02.2008 Ravintola Sahrami (Savitaipale)<br>15.12.2007 Ravintola Raittinen (Lappeenranta)<br>03.11.2007 Ravintola Kolme Lyhty\u00e4 (Lappeenranta)<br>27.10.2007 Tanssiravintola Woima (Koria)<br>13.10.2007 Yksityistilaisuus (Lappeenranta)<br>17.10.2007 Yksityistilaisuus (Lappeenranta)<br>31.08.2007 Ravintola&nbsp;<a href=\"http:\/\/www.saunalahti.fi\/~zammy\/$$-sivut\/%C3%A2%E2%82%AC%C2%9Dhttp:\/\/www.kannel-krouvi.fi%C3%A2%E2%82%AC%C2%9D\">Kannel-Krouvi<\/a>&nbsp;(Helsinki)<br>18.05.2007&nbsp;<a href=\"http:\/\/www.saunalahti.fi\/~zammy\/$$-sivut\/%C3%A2%E2%82%AC%C2%9Dhttp:\/\/www.twangfest.net%C3%A2%E2%82%AC%C2%9D\">Twang Fest 2007<\/a>&nbsp;(Doris Night, Lappeenranta)<br>19.05.2007&nbsp;<a href=\"http:\/\/www.saunalahti.fi\/~zammy\/$$-sivut\/%C3%A2%E2%82%AC%C2%9Dhttp:\/\/www.twangfest.net%C3%A2%E2%82%AC%C2%9D\">Twang Fest 2007<\/a>&nbsp;(Doris Night, Lappeenranta)<br>05.05.2007&nbsp;<a href=\"http:\/\/www.saunalahti.fi\/~zammy\/$$-sivut\/%C3%A2%E2%82%AC%C2%9Dhttp:\/\/meteli.net\/location.php?id=4113%E2%80%9D\">Kelopirtti<\/a>&nbsp;(Jaala)<br>23.03.2007 Ravintola&nbsp;<a href=\"http:\/\/www.saunalahti.fi\/~zammy\/$$-sivut\/%C3%A2%E2%82%AC%C2%9Dhttp:\/\/www.kannel-krouvi.fi%C3%A2%E2%82%AC%C2%9D\">Kannel-Krouvi<\/a>&nbsp;(Helsinki)<br>05.04.2007 Hotelli Lappee, Doris Night (Lappeenranta)<br>02.02.2007 Ravintola Kolme Lyhty\u00e4 (Lappeenranta)<br>15.12.2006 Ravintola&nbsp;<a href=\"http:\/\/www.saunalahti.fi\/~zammy\/$$-sivut\/%C3%A2%E2%82%AC%C2%9Dhttp:\/\/www.kannel-krouvi.fi%C3%A2%E2%82%AC%C2%9D\">Kannel-Krouvi<\/a>&nbsp;(Helsinki)<br>25.11.2006&nbsp;<a href=\"http:\/\/www.saunalahti.fi\/~zammy\/$$-sivut\/%C3%A2%E2%82%AC%C2%9Dhttp:\/\/www.gasthaussahanranta.fi%C3%A2%E2%82%AC%C2%9D\">Gasthaus Sahanranta<\/a>&nbsp;(Kuhmoinen)<br>04.11.2006&nbsp;<a href=\"http:\/\/www.saunalahti.fi\/~zammy\/$$-sivut\/%C3%A2%E2%82%AC%C2%9Dhttp:\/\/www.raittinen.fi%C3%A2%E2%82%AC%C2%9D\">Ravintola Raittinen<\/a>&nbsp;(Lappeenranta)<br>20.10.2006&nbsp;<a href=\"http:\/\/www.saunalahti.fi\/~zammy\/$$-sivut\/%C3%A2%E2%82%AC%C2%9Dhttp:\/\/www.twangfest.net%C3%A2%E2%82%AC%C2%9D\">Twang Fest 2006 #2<\/a>&nbsp;(Doris Night, Lappeenranta)<br>21.10.2006&nbsp;<a href=\"http:\/\/www.saunalahti.fi\/~zammy\/$$-sivut\/%C3%A2%E2%82%AC%C2%9Dhttp:\/\/www.twangfest.net%C3%A2%E2%82%AC%C2%9D\">Twang Fest 2006 #2<\/a>&nbsp;(Doris Night, Lappeenranta)<br>16.09.2006 Satamatori (Lappeenranta)<br>17.09.2006 Satamatori (Lappeenranta)<br>08.09.2006 Ravintola Sininen Laguuni (Lappeenranta)<br>26.08.2006 Yksityistilaisuus (Lappeenranta)<br>14.07.2006 Ravintola Kolme Lyhty\u00e4 (Lappeenranta)<br>11.06.2006 Satamatori, Kes\u00e4markkinat (Lappeenranta)<br>10.06.2006 Yksityistilaisuus (Lappeenranta)<br>10.06.2006 Satamatori, Kes\u00e4markkinat (Lappeenranta)<br>28.04.2006 Ravintola Totem (Lappeenranta)<br>25.03.2006 Ravintola Kuja-Kolli (Koria)<br>10.02.2006&nbsp;<a href=\"http:\/\/www.saunalahti.fi\/~zammy\/$$-sivut\/%C3%A2%E2%82%AC%C2%9Dhttp:\/\/www.twangfest.net%C3%A2%E2%82%AC%C2%9D\">Twang Fest 2006<\/a>&nbsp;(Doris Night, Lappeenranta)<br>11.02.2006&nbsp;<a href=\"http:\/\/www.saunalahti.fi\/~zammy\/$$-sivut\/%C3%A2%E2%82%AC%C2%9Dhttp:\/\/www.twangfest.net%C3%A2%E2%82%AC%C2%9D\">Twang Fest 2006<\/a>&nbsp;(Doris Night, Lappeenranta)<br>04.02.2006 Lappeenrannan Kasino (Lappeenranta)<br>07.01.2006 Ravintola Kolme Lyhty\u00e4 (Lappeenranta)<br>21.10.2005 Ravintola Kolme Lyhty\u00e4 30v (Lappeenranta)<br>17.09.2005 Satamatori (Lappeenranta)<br>18.09.2005 Satamatori (Lappeenranta)<br>23.08.2005 Doris Night, Sokos Hotelli Lappee (Lappeenranta)<br>13.08.2005 Yksityistilaisuus (Lappeenranta)<br>29.07.2005 AgentsFun 2005 (Gasthaus Sahanranta, Kuhmoinen)<br>02.07.2005&nbsp;<a href=\"http:\/\/www.saunalahti.fi\/~zammy\/$$-sivut\/%C3%A2%E2%82%AC%C2%9Dhttp:\/\/www.rautalankaa.com%C3%A2%E2%82%AC%C2%9D\">Nastolan Rautalankafestarit<\/a>&nbsp;(Nastola)<br>28.05.2005 Satamatori (Lappeenranta)<br>29.05.2005 Satamatori (Lappeenranta)<br>06.05.2005 Ravintola Kolme Lyhty\u00e4 (Lappeenranta)<br>04.05.2005 yksityistilaisuus (Rav. T\u00f6\u00f6l\u00f6ntorppa, Helsinki)<br>09.04.2005 Ravintola Totem, Rautalankafestarit (Lappeenranta)<br>05.02.2005 yksityistil. (Myllym\u00e4en VPK-talo, Lappeenranta)<br>04.02.2005 yksityistil. (Upseerikerho, Lappeenranta)<br>05.01.2005 Doris Night, Sokos Hotelli Lappee (Lappeenranta)<br>04.12.2004 Ravintola Kuja-Kolli (Koria)<br>03.12.2004 Rav. Haikaranpes\u00e4 (yksityistil \/ Nokia) (Espoo)<br>13.11.2004 Tuulensuoja (yksityistil.) (Kouvola)<br>12.11.2004 Ravintola Sininen Laguuni (Lappeenranta)<br>08.10.2004 Ravintola Kolme Lyhty\u00e4 (Lappeenranta)<br>24.09.2004 Ravintola Wanha-Olteri (Lahti)<br>25.09.2004 Ravintola Kuja-Kolli (Koria)<br>18.09.2004 Satamatori (Lappeenranta)<br>19.09.2004 Satamatori (Lappeenranta)<br>13.07.2004 Satamatori, ilmaiskonsertti (Lappeenranta)<br>13.06.2004 Satamatori (Lappeenranta)<br>12.06.2004 Yksityistil. (Ristiina)<br>12.06.2004 Satamatori (Lappeenranta)<br>11.06.2004 Ravintola Kolme Lyhty\u00e4 (Lappeenranta)<br>08.04.2004 Ravintola Kolme Lyhty\u00e4 (Lappeenranta)<br>12.03.2004 Ravintola Sininen Laguuni (Lappeenranta)<br>16.12.2003 Yksityistil. (Lappeenranta)<br>02.12.2003 Ravintola Kolme Lyhty\u00e4 (Lappeenranta)<br>28.11.2003 Yksityistil. (Helsinki)<br>22.11.2003 Yksityistil. (Kasino, Lappeenranta)<br>21.09.2003 Muikku &amp; Pottu-kalamarkkinat (Lappeenranta)<br>20.09.2003 Muikku &amp; Pottu-kalamarkkinat (Lappeenranta)<br>02.08.2003 Yksityistilaisuus (Lemi)<br>08.06.2003 Yksityistilaisuus (Lappeenranta)<br>03.06.2003 Yksityistilaisuus (Vantaa)<br>04.04.2003 Pub Olteri (Lappeenranta)<br>21.02.2003 Ravintola Sininen Laguuni (Lappeenranta)<br>25.01.2003 Twang 9 , Hotelli Ellivuori (Vammala)<br>24.01.2003 Twang 9 , Hotelli Ellivuori (Vammala)<br>21.02.2003 Ravintola Sininen Laguuni (Lappeenranta)<br>05.12.2002 Ravintola Raittinen (Lappeenranta)<br>08.11.2002 Ravintola Kolme Lyhty\u00e4 (Lappeenranta)<br>27.09.2002 Ravintola Sininen Laguuni (Lappeenranta)<br>24.08.2002 Ravintola Kolme Lyhty\u00e4 (Lappeenranta)<br>23.08.2002 Ravintola Kolme Lyhty\u00e4 (Lappeenranta)<br>29.06.2002 Yksityistil. (Kotka)<br>15.06.2002 Yksityistil. (Ikaalinen)<br>08.06.2002 Yksityistil. (Lappeenranta)<br>18.05.2002 Ravintola Kolme Lyhty\u00e4 (Lappeenranta)<br>17.05.2002 Ravintola Kolme Lyhty\u00e4 (Lappeenranta)<br>27.04.2002 Yksityistil. (Lappeenranta)<br>12.04.2002 Ravintola Raittinen (Lappeenranta)<br>05.04.2002 Hotelli Vaakuna, In the spirit of 60&#8217;s (Kouvola)<br>23.03.2002 Yksityistil. (Lappeenranta)<br>01.02.2002 Ravintola Sininen Laguuni (Lappeenranta)<br>14.12.2001 Messil\u00e4 (yksityistil.)<br>21.09.2001 Ravintola Sininen Laguuni (Lappeenranta)<br>01.09.2001 yksityistil. (Ruotsinpyht\u00e4\u00e4)<br>18.08.2001 Ravintola Raittinen (Lappeenranta)<br>04.08.2001 Marjolan Lomakeskus, ykstyistil. (Lappeenranta)<br>03.08.2001 Ravintola Kolme Lyhty\u00e4 (Lappeenranta)<br>28.07.2001 yksityistil. (Lemi)<br>14.07.2001 ykstyistil. (Lappeenranta)<br>16.06.2001 yksityistil. (Lappeenranta)<br>14.04.2001 Ravintola Toteemi (Lappeenranta)<br>16.02.2001 Ravintola Sininen Laguuni (Lappeenranta)<br>15.12.2000 Ravintola Kolme Lyhty\u00e4, (Lappeenranta)<br>03.11.2000 Ravintola Kolme Lyhty\u00e4 (Lappeenranta)<br>22.10.2000 Ylioppilastalo (Lappeenranta)<br>20.10.2000 Ravintola Sininen Laguuni (Lappeenranta)<br>09.09.2000 Ravintola Raittinen (Lappeenranta)<br>05.08.2000 Linnoituksen Y\u00f6 (Lappeenranta)<br>13.05.2000 Ravintola Kolme Lyhty\u00e4 (Lappeenranta)<br>06.02.2000 Ravintola Seurahuone (Kotka)<br>28.01.2000 Twang 6th, Hotelli Jazz (Pori)<br>22.01.2000 Ravintola Kolme Lyhty\u00e4 (Lappeenranta)<br>08.01.2000 Huttulan Baari (Lemi)<br>31.12.1999 Ravintola Villa 1898, Aleksanterin Palatsi (Tampere)<br>10.12.1999 Ravintola Villa 1898, Aleksanterin Palatsi, yksityistil. (Tampere)<br>04.12.1999 Luum\u00e4en Motelli (Luum\u00e4ki)<br>03.12.1999 Ravintola Kolme Lyhty\u00e4 (Lappeenranta)<br>20.11.1999 Kaupungintalo (Lappeenranta)<br>31.10.1999 Ylioppilastalo (Lappeenranta)<br>11.09.1999 Hotelli Patria, yksityistil. (Lappeenranta)<br>07.08.1999 Linnoituksen Y\u00f6, Rakuuna- ja Kanuunateltta (Lappeenranta)<br>24.07.1999 Yksityistil. (Taipalsaari)<br>15.07.1999 Hotelli Saimaanranta (Taipalsaari)<br>14.07.1999 Hotelli Saimaanranta (Taipalsaari)<br>03.07.1999 Ravintola Kolme Lyhty\u00e4 (Lappeenranta)<br>15.05.1999 Borderline Fellows &#8211; American Car Club, yksityistil. (Lappeenranta)<br>17.04.1999 Wanha Ylioppilastalo (Helsinki)<br>24.03.1999 Ravintola Toteemi (Lappeenranta)<br>27.02.1999 Hotelli Saimaanranta (Taipalsaari)<br>26.02.1999 Ravintola Savikukko (Savitaipale)<br>29.01.1999 Ravintola Kolme Lyhty\u00e4<\/p>\n","protected":false},"excerpt":{"rendered":"<p>11.07.2026 Olkkolan Hovi (Savitaipale)24.07.2026 Satamatori (Lappeenranta)26.09.2026 Valta NightClub (Lappeenranta) Menneet keikat 07.03.2026 Valta NightClub (Lappeenranta)03.01.2026 Yksityistilaisuus (Lappeenranta)29.11.2025 Yksityistilaisuus (Sahalahti)28.11.2025 Yksityistilaisuus (Taipalsaaren Karhupirtit)23.08.2025 Yksityistilaisuus (Orivesi)16.08.2025 Yksityistil. [&hellip;]<\/p>\n","protected":false},"author":2,"featured_media":6,"parent":0,"menu_order":0,"comment_status":"closed","ping_status":"closed","template":"","meta":{"footnotes":""},"class_list":["post-29","page","type-page","status-publish","has-post-thumbnail","hentry"],"_links":{"self":[{"href":"https:\/\/suuretsetelit.net\/index.php?rest_route=\/wp\/v2\/pages\/29","targetHints":{"allow":["GET"]}}],"collection":[{"href":"https:\/\/suuretsetelit.net\/index.php?rest_route=\/wp\/v2\/pages"}],"about":[{"href":"https:\/\/suuretsetelit.net\/index.php?rest_route=\/wp\/v2\/types\/page"}],"author":[{"embeddable":true,"href":"https:\/\/suuretsetelit.net\/index.php?rest_route=\/wp\/v2\/users\/2"}],"replies":[{"embeddable":true,"href":"https:\/\/suuretsetelit.net\/index.php?rest_route=%2Fwp%2Fv2%2Fcomments&post=29"}],"version-history":[{"count":81,"href":"https:\/\/suuretsetelit.net\/index.php?rest_route=\/wp\/v2\/pages\/29\/revisions"}],"predecessor-version":[{"id":305,"href":"https:\/\/suuretsetelit.net\/index.php?rest_route=\/wp\/v2\/pages\/29\/revisions\/305"}],"wp:featuredmedia":[{"embeddable":true,"href":"https:\/\/suuretsetelit.net\/index.php?rest_route=\/wp\/v2\/media\/6"}],"wp:attachment":[{"href":"https:\/\/suuretsetelit.net\/index.php?rest_route=%2Fwp%2Fv2%2Fmedia&parent=29"}],"curies":[{"name":"wp","href":"https:\/\/api.w.org\/{rel}","templated":true}]}}